{"id":938,"date":"2023-11-16T07:05:11","date_gmt":"2023-11-16T07:05:11","guid":{"rendered":"https:\/\/kenitralanguagecenter.com\/?page_id=938"},"modified":"2024-01-21T07:24:01","modified_gmt":"2024-01-21T07:24:01","slug":"programmation","status":"publish","type":"page","link":"https:\/\/kenitralanguagecenter.com\/index.php\/programmation\/","title":{"rendered":"Programmation"},"content":{"rendered":"\n<h2 class=\"wp-block-heading has-medium-font-size\">Apprendre \u00e0 coder le langage Python<\/h2>\n\n\n\n<h3 class=\"wp-block-heading has-small-font-size\"><strong>Des cours et des exercices pour devenir Data Scientist <\/strong><\/h3>\n\n\n\n<figure class=\"wp-block-image is-resized\"><img decoding=\"async\" src=\"https:\/\/static.wixstatic.com\/media\/0bc239_6bda5006a3cf4c798d26c8aaa95557b0~mv2.jpg\/v1\/crop\/x_53,y_0,w_1016,h_1414\/fill\/w_1016,h_1414,al_c,q_85,enc_auto\/Apprendre-coder-python.jpg\" alt=\"Apprendre la Data Science \u00e0 Paris\" style=\"width:224px;height:auto\"\/><\/figure>\n\n\n\n<p><strong>Les bases de Python<\/strong><\/p>\n\n\n\n<p>Pour acqu\u00e9rir des comp\u00e9tences solides sur le langage informatique Python. Id\u00e9al pour les d\u00e9veloppeurs et programmeurs d\u00e9butants. Un apprentissage pour automatiser, coder, programmation orient\u00e9e objet (POO). En lire plus.<\/p>\n\n\n\n<p><strong>L&#8217;environnement Python<\/strong><\/p>\n\n\n\n<p>Pour ma\u00eetriser les environnements diff\u00e9rents de Python : PyCharm de Jetbrain (IDE), Anaconda (open source). Construisez et d\u00e9veloppez des projets avanc\u00e9s.&nbsp;<\/p>\n\n\n\n<p><strong>Int\u00e9gration de donn\u00e9es<\/strong><\/p>\n\n\n\n<p>Pour data analyst \/ data engineer : Apprenez la collecte des donn\u00e9es avec Pandas, la connexion aux API, bases de donn\u00e9es Mysql ou encore le web Scraping avec le framework Scrapy.<\/p>\n\n\n\n<p><strong>Traitement des donn\u00e9es (Data Science)<\/strong><\/p>\n\n\n\n<p>Pour nettoyer, filtrer et fusionner les donn\u00e9es avec les biblioth\u00e8ques Pandas et Numpy, d\u00e9di\u00e9es \u00e0 la data science. Utilisez des scripts pour programmer.&nbsp;<\/p>\n\n\n\n<p><strong>Statistique et analyse de donn\u00e9es<\/strong><\/p>\n\n\n\n<p>Pour le codage et la cr\u00e9ation de mod\u00e8les statistiques avanc\u00e9s : Coefficients de corr\u00e9lation, r\u00e9gressions lin\u00e9aires (avec SciPy), nuages de points, s\u00e9ries chronologiques.&nbsp;<\/p>\n\n\n\n<p><strong>Librairies de visualisation<\/strong><\/p>\n\n\n\n<p>Pour apprendre \u00e0 visualiser les donn\u00e9es trait\u00e9es : histogrammes, courbes, secteurs, nuages de points&#8230; Avec les nombreuses biblioth\u00e8ques Python et interfaces : Matplotlib (code simple et intuitif), Seaborn, Bokeh ou encore Geoplotlib.&nbsp;<\/p>\n\n\n\n<\/br><\/br><\/br><iframe loading=\"lazy\" width=\"800\" height=\"600\" src=\"https:\/\/share-eu1.hsforms.com\/1801HjZ8vRAui43yHmsQ73w2dl7b3\" title=\"submission form\"  frameborder=\"0\"; \" ><\/iframe>\n","protected":false},"excerpt":{"rendered":"<p>Apprendre \u00e0 coder le langage Python Des cours et des exercices pour devenir Data Scientist Les bases de Python Pour acqu\u00e9rir des comp\u00e9tences solides sur le langage informatique Python. Id\u00e9al pour les d\u00e9veloppeurs et programmeurs d\u00e9butants. Un apprentissage pour automatiser, coder, programmation orient\u00e9e objet (POO). En lire plus. L&#8217;environnement Python Pour ma\u00eetriser les environnements diff\u00e9rents [&hellip;]<\/p>\n","protected":false},"author":1,"featured_media":0,"parent":0,"menu_order":0,"comment_status":"closed","ping_status":"closed","template":"","meta":{"footnotes":""},"_links":{"self":[{"href":"https:\/\/kenitralanguagecenter.com\/index.php\/wp-json\/wp\/v2\/pages\/938"}],"collection":[{"href":"https:\/\/kenitralanguagecenter.com\/index.php\/wp-json\/wp\/v2\/pages"}],"about":[{"href":"https:\/\/kenitralanguagecenter.com\/index.php\/wp-json\/wp\/v2\/types\/page"}],"author":[{"embeddable":true,"href":"https:\/\/kenitralanguagecenter.com\/index.php\/wp-json\/wp\/v2\/users\/1"}],"replies":[{"embeddable":true,"href":"https:\/\/kenitralanguagecenter.com\/index.php\/wp-json\/wp\/v2\/comments?post=938"}],"version-history":[{"count":10,"href":"https:\/\/kenitralanguagecenter.com\/index.php\/wp-json\/wp\/v2\/pages\/938\/revisions"}],"predecessor-version":[{"id":1329,"href":"https:\/\/kenitralanguagecenter.com\/index.php\/wp-json\/wp\/v2\/pages\/938\/revisions\/1329"}],"wp:attachment":[{"href":"https:\/\/kenitralanguagecenter.com\/index.php\/wp-json\/wp\/v2\/media?parent=938"}],"curies":[{"name":"wp","href":"https:\/\/api.w.org\/{rel}","templated":true}]}}