{"id":1367,"date":"2024-03-02T07:35:13","date_gmt":"2024-03-02T07:35:13","guid":{"rendered":"https:\/\/kenitralanguagecenter.com\/?page_id=1367"},"modified":"2024-03-02T07:35:15","modified_gmt":"2024-03-02T07:35:15","slug":"sap","status":"publish","type":"page","link":"https:\/\/kenitralanguagecenter.com\/index.php\/sap\/","title":{"rendered":"SAP"},"content":{"rendered":"\n<h3 class=\"wp-block-heading\">Niveau D\u00e9butant :<\/h3>\n\n\n\n<p>Introduction \u00e0 SAP:<\/p>\n\n\n\n<ul>\n<li>Pr\u00e9sentation g\u00e9n\u00e9rale de SAP et de ses modules<\/li>\n\n\n\n<li>Navigation dans l&#8217;interface SAP<\/li>\n\n\n\n<li>Gestion des utilisateurs et des autorisations<\/li>\n\n\n\n<li>Introduction \u00e0 la gestion des donn\u00e9es clients (SAP SD)<\/li>\n\n\n\n<li>Exercices pratiques<\/li>\n\n\n\n<li>Introduction \u00e0 la gestion des fournisseurs (SAP MM)<\/li>\n\n\n\n<li>Introduction \u00e0 la comptabilit\u00e9 financi\u00e8re et controlling (SAP FI\/CO)<\/li>\n\n\n\n<li>Introduction \u00e0 la gestion des ressources humaines (SAP HR)<\/li>\n\n\n\n<li>Introduction \u00e0 la gestion de la production (SAP PP)<\/li>\n\n\n\n<li>Exercices pratiques<\/li>\n<\/ul>\n\n\n\n<h3 class=\"wp-block-heading\">Niveau Interm\u00e9diaire :<\/h3>\n\n\n\n<p>Approfondissement des fonctionnalit\u00e9s:<\/p>\n\n\n\n<ul>\n<li>Personnalisation de l&#8217;interface SAP<\/li>\n\n\n\n<li>Configuration avanc\u00e9e des modules<\/li>\n\n\n\n<li>Automatisation des processus avec SAP Workflow<\/li>\n\n\n\n<li>Analyse des donn\u00e9es avec SAP Business Intelligence<br>-Exercices pratiques Int\u00e9gration de SAP avec d&#8217;autres syst\u00e8mes :<\/li>\n\n\n\n<li>Gestion des projets avec SAP Project System<\/li>\n\n\n\n<li>Gestion de la relation client avec SAP CRM<\/li>\n\n\n\n<li>Exercices pratiques<\/li>\n<\/ul>\n","protected":false},"excerpt":{"rendered":"<p>Niveau D\u00e9butant : Introduction \u00e0 SAP: Niveau Interm\u00e9diaire : Approfondissement des fonctionnalit\u00e9s:<\/p>\n","protected":false},"author":1,"featured_media":0,"parent":0,"menu_order":0,"comment_status":"closed","ping_status":"closed","template":"","meta":{"footnotes":""},"_links":{"self":[{"href":"https:\/\/kenitralanguagecenter.com\/index.php\/wp-json\/wp\/v2\/pages\/1367"}],"collection":[{"href":"https:\/\/kenitralanguagecenter.com\/index.php\/wp-json\/wp\/v2\/pages"}],"about":[{"href":"https:\/\/kenitralanguagecenter.com\/index.php\/wp-json\/wp\/v2\/types\/page"}],"author":[{"embeddable":true,"href":"https:\/\/kenitralanguagecenter.com\/index.php\/wp-json\/wp\/v2\/users\/1"}],"replies":[{"embeddable":true,"href":"https:\/\/kenitralanguagecenter.com\/index.php\/wp-json\/wp\/v2\/comments?post=1367"}],"version-history":[{"count":1,"href":"https:\/\/kenitralanguagecenter.com\/index.php\/wp-json\/wp\/v2\/pages\/1367\/revisions"}],"predecessor-version":[{"id":1368,"href":"https:\/\/kenitralanguagecenter.com\/index.php\/wp-json\/wp\/v2\/pages\/1367\/revisions\/1368"}],"wp:attachment":[{"href":"https:\/\/kenitralanguagecenter.com\/index.php\/wp-json\/wp\/v2\/media?parent=1367"}],"curies":[{"name":"wp","href":"https:\/\/api.w.org\/{rel}","templated":true}]}}