{"id":1151,"date":"2024-01-01T00:27:20","date_gmt":"2024-01-01T00:27:20","guid":{"rendered":"https:\/\/kenitralanguagecenter.com\/?page_id=1151"},"modified":"2024-01-21T07:21:08","modified_gmt":"2024-01-21T07:21:08","slug":"francais","status":"publish","type":"page","link":"https:\/\/kenitralanguagecenter.com\/index.php\/francais\/","title":{"rendered":"Fran\u00e7ais"},"content":{"rendered":"\n<p>Maxware Learning Center de Kenitra, c\u2019est l\u2019excellence p\u00e9dagogique pour vous accompagner dans votre apprentissage du fran\u00e7ais en fonction de votre \u00e2ge, votre niveau et de vos besoins.<\/p>\n\n\n\n<p class=\"has-medium-font-size\"><strong>Pourquoi choisir les cours de fran\u00e7ais de Maxware Learning Center ?<\/strong><\/p>\n\n\n\n<p>Maxware Learning Center r\u00e9pond \u00e0 vos besoins avec :<\/p>\n\n\n\n<ul>\n<li><strong>Des experts \u00e0 votre service<\/strong>&nbsp;: des professeurs form\u00e9s et qualifi\u00e9s.<\/li>\n\n\n\n<li><strong>Une formation adapt\u00e9e \u00e0 vos besoins<\/strong>. Des parcours de niveau d\u00e9butant \u00e0 tr\u00e8s avanc\u00e9 et adapt\u00e9s en fonction des \u00e2ges et des centres d\u2019int\u00e9r\u00eats.<\/li>\n\n\n\n<li><strong>Des certifications<\/strong>&nbsp;qui vous ouvrent les portes de l\u2019universit\u00e9 \u00e0 l\u2019\u00e9tranger.<\/li>\n\n\n\n<li><strong>Des tarifs comp\u00e9titifs<\/strong>&nbsp;et adapt\u00e9s \u00e0 votre situation (tarifs \u00e9tudiants, familles\u2026).<\/li>\n\n\n\n<li><strong>Des gratuit\u00e9s et tarifs pr\u00e9f\u00e9rentiels<\/strong>&nbsp;pour profiter de l\u2019environnement Institut fran\u00e7ais (m\u00e9diath\u00e8que, activit\u00e9s culturelles,\u2026).<\/li>\n\n\n\n<li>En vous inscrivant \u00e0 l\u2019Institut fran\u00e7ais, vous b\u00e9n\u00e9ficiez de tous les avantages d\u2019<strong>un r\u00e9seau reconnu et international<\/strong>.<\/li>\n\n\n\n<li><strong>Des horaires d\u2019ouverture larges<\/strong>, m\u00eame pendant le week-end.<\/li>\n<\/ul>\n\n\n\n<\/br><\/br><\/br><iframe loading=\"lazy\" width=\"800\" height=\"600\" src=\"https:\/\/share-eu1.hsforms.com\/1801HjZ8vRAui43yHmsQ73w2dl7b3\" title=\"submission form\"  frameborder=\"0\"; \" ><\/iframe>\n","protected":false},"excerpt":{"rendered":"<p>Maxware Learning Center de Kenitra, c\u2019est l\u2019excellence p\u00e9dagogique pour vous accompagner dans votre apprentissage du fran\u00e7ais en fonction de votre \u00e2ge, votre niveau et de vos besoins. Pourquoi choisir les cours de fran\u00e7ais de Maxware Learning Center ? Maxware Learning Center r\u00e9pond \u00e0 vos besoins avec :<\/p>\n","protected":false},"author":1,"featured_media":0,"parent":0,"menu_order":0,"comment_status":"closed","ping_status":"closed","template":"","meta":{"footnotes":""},"_links":{"self":[{"href":"https:\/\/kenitralanguagecenter.com\/index.php\/wp-json\/wp\/v2\/pages\/1151"}],"collection":[{"href":"https:\/\/kenitralanguagecenter.com\/index.php\/wp-json\/wp\/v2\/pages"}],"about":[{"href":"https:\/\/kenitralanguagecenter.com\/index.php\/wp-json\/wp\/v2\/types\/page"}],"author":[{"embeddable":true,"href":"https:\/\/kenitralanguagecenter.com\/index.php\/wp-json\/wp\/v2\/users\/1"}],"replies":[{"embeddable":true,"href":"https:\/\/kenitralanguagecenter.com\/index.php\/wp-json\/wp\/v2\/comments?post=1151"}],"version-history":[{"count":2,"href":"https:\/\/kenitralanguagecenter.com\/index.php\/wp-json\/wp\/v2\/pages\/1151\/revisions"}],"predecessor-version":[{"id":1322,"href":"https:\/\/kenitralanguagecenter.com\/index.php\/wp-json\/wp\/v2\/pages\/1151\/revisions\/1322"}],"wp:attachment":[{"href":"https:\/\/kenitralanguagecenter.com\/index.php\/wp-json\/wp\/v2\/media?parent=1151"}],"curies":[{"name":"wp","href":"https:\/\/api.w.org\/{rel}","templated":true}]}}