{"id":1116,"date":"2023-12-26T06:47:25","date_gmt":"2023-12-26T06:47:25","guid":{"rendered":"https:\/\/kenitralanguagecenter.com\/?page_id=1116"},"modified":"2024-01-21T07:23:06","modified_gmt":"2024-01-21T07:23:06","slug":"microsoft-office","status":"publish","type":"page","link":"https:\/\/kenitralanguagecenter.com\/index.php\/microsoft-office\/","title":{"rendered":"Microsoft Office"},"content":{"rendered":"\n<h4 class=\"wp-block-heading\"><strong>Bureautique&nbsp;: (D\u00e9butant)<\/strong><\/h4>\n\n\n\n<p>Introduction g\u00e9n\u00e9rale et navigation de base<\/p>\n\n\n\n<p>Traitement de texte (Microsoft Word 2019)<\/p>\n\n\n\n<p>Tableurs (Microsoft Excel 2019)<\/p>\n\n\n\n<p>Pr\u00e9sentations (Microsoft PowerPoint 2019)<\/p>\n\n\n\n<figure class=\"wp-block-table\"><table><tbody><tr><td><strong>TARIFS<\/strong><\/td><td><strong>PERIODE<\/strong><\/td><td><strong>SEANCES<\/strong><\/td><\/tr><tr><td><strong><s>1200<\/s>-1000 DH<\/strong><\/td><td><strong>30 HEURE<\/strong><\/td><td><strong>3H\/SEMAINE<\/strong><\/td><\/tr><\/tbody><\/table><\/figure>\n\n\n\n<p><strong>2.5 months<\/strong><\/p>\n\n\n\n<h4 class=\"wp-block-heading\"><strong>Bureautique&nbsp;: (Avanc\u00e9)<\/strong><\/h4>\n\n\n\n<p>Approfondissement du Traitement de texte (Microsoft Word 2019)<\/p>\n\n\n\n<p>Tableurs avanc\u00e9s (Microsoft Excel 2019)<\/p>\n\n\n\n<p>Pr\u00e9sentations avanc\u00e9es (Microsoft PowerPoint 2019)<\/p>\n\n\n\n<figure class=\"wp-block-table\"><table><tbody><tr><td><strong>TARIFS<\/strong><\/td><td><strong>PERIODE<\/strong><\/td><td><strong>SEANCES<\/strong><\/td><\/tr><tr><td><strong><s>$2000<\/s>-1800 DH<\/strong><\/td><td><strong>30 HEURE<\/strong><\/td><td><strong>3H\/SEMAINE<\/strong><\/td><\/tr><\/tbody><\/table><\/figure>\n\n\n\n<p><strong>2.5 months<\/strong><\/p>\n\n\n\n<h4 class=\"wp-block-heading\"><strong>Formation Excel 2019 : (D\u00e9butant)<\/strong><\/h4>\n\n\n\n<p>Introduction \u00e0 Excel<\/p>\n\n\n\n<p>Formules de base<\/p>\n\n\n\n<p>Mise en forme et gestion des donn\u00e9es<\/p>\n\n\n\n<p>Gestion des feuilles de calcul<\/p>\n\n\n\n<p>Graphiques simples<\/p>\n\n\n\n<figure class=\"wp-block-table\"><table><tbody><tr><td><strong>TARIFS<\/strong><\/td><td><strong>PERIODE<\/strong><\/td><td><strong>SEANCES<\/strong><\/td><\/tr><tr><td><strong><s>1200<\/s>-1000 DH<\/strong><\/td><td><strong>24 HEURE<\/strong><\/td><td><a><\/a> <strong>3H\/SEMAINE<\/strong><\/td><\/tr><\/tbody><\/table><\/figure>\n\n\n\n<p><strong>2 months<\/strong><\/p>\n\n\n\n<h4 class=\"wp-block-heading\"><strong>Formation Excel (Interm\u00e9diaire)<\/strong><\/h4>\n\n\n\n<p>Rappel des notions fondamentales<\/p>\n\n\n\n<p>Fonctions Avanc\u00e9es<\/p>\n\n\n\n<p>Gestion des Donn\u00e9es<\/p>\n\n\n\n<p>Analyse de Donn\u00e9es<\/p>\n\n\n\n<p>Automatisation avec les Macros<\/p>\n\n\n\n<figure class=\"wp-block-table\"><table><tbody><tr><td><strong>TARIFS<\/strong><\/td><td><strong>PERIODE<\/strong><\/td><td><strong>SEANCE<\/strong><\/td><\/tr><tr><td><strong><s>1450<\/s>-1250 DH<\/strong><\/td><td><strong>24 HEURES<\/strong><\/td><td><strong>3H\/SEMAINE<\/strong><\/td><\/tr><\/tbody><\/table><\/figure>\n\n\n\n<p><strong>2 months<\/strong><\/p>\n\n\n\n<h4 class=\"wp-block-heading\"><strong>Formation Excel 2019 (Avanc\u00e9)<\/strong><\/h4>\n\n\n\n<p>Rappel des notions fondamentales<\/p>\n\n\n\n<p>Fonctions Avanc\u00e9es<\/p>\n\n\n\n<p>Graphiques avanc\u00e9s<\/p>\n\n\n\n<p>Gestion avanc\u00e9e des donn\u00e9es<\/p>\n\n\n\n<p>Analyse avanc\u00e9e de Donn\u00e9es<\/p>\n\n\n\n<p>Automatisation avanc\u00e9e avec les Macros<\/p>\n\n\n\n<p>Projets Pratiques<\/p>\n\n\n\n<figure class=\"wp-block-table\"><table><tbody><tr><td><strong>TARIFS<\/strong><\/td><td><strong>PERIODE<\/strong><\/td><td><strong>SEANCE<\/strong><\/td><\/tr><tr><td><s> <strong>2000<\/strong><\/s><strong>-1800 DH<\/strong><\/td><td><strong>24 HEURES<\/strong><\/td><td><strong>3H\/SEMAINE<\/strong><\/td><\/tr><\/tbody><\/table><\/figure>\n\n\n\n<p><strong>2 months<\/strong><\/p>\n\n\n\n<h4 class=\"wp-block-heading\"><strong>Formation Word 2019 (D\u00e9butant-<\/strong><strong> Interm\u00e9diaire<\/strong><strong>)<\/strong><\/h4>\n\n\n\n<p>Ouverture de Microsoft Word :<\/p>\n\n\n\n<p>Cr\u00e9ation d&#8217;un nouveau document :<\/p>\n\n\n\n<p>Saisie de texte :<\/p>\n\n\n\n<p>Mise en forme du texte :<\/p>\n\n\n\n<p>Paragraphes et alignement :<\/p>\n\n\n\n<p>Insertions&nbsp;:<\/p>\n\n\n\n<p>Enregistrement du document :<\/p>\n\n\n\n<p>Mise en page :<\/p>\n\n\n\n<p>V\u00e9rification orthographique et grammaticale :<\/p>\n\n\n\n<p>Impression du document :<\/p>\n\n\n\n<p>Enregistrement au format PDF (si n\u00e9cessaire)<\/p>\n\n\n\n<figure class=\"wp-block-table\"><table><tbody><tr><td><strong>TARIFS<\/strong><\/td><td><strong>PERIODE<\/strong><\/td><td><strong>SEANCES<\/strong><\/td><\/tr><tr><td><strong><s>1200<\/s>-1000 DH<\/strong><\/td><td><strong>24 HEURE<\/strong><\/td><td><strong>3H\/SEMAINE<\/strong><\/td><\/tr><\/tbody><\/table><\/figure>\n\n\n\n<p><strong>2 months<\/strong><\/p>\n\n\n\n<p><strong>Formation Word 2019 (Avanc\u00e9)<\/strong><\/p>\n\n\n\n<p>Revision des bases<\/p>\n\n\n\n<p>Gestion des images et des objets<\/p>\n\n\n\n<p>Tables et listes avanc\u00e9es<\/p>\n\n\n\n<p>Styles et mod\u00e8les<\/p>\n\n\n\n<p>Table des mati\u00e8res et Index<\/p>\n\n\n\n<p>R\u00e9vision de documents<\/p>\n\n\n\n<p>Automatisation avec les macros<\/p>\n\n\n\n<p>Collaboration et partage<\/p>\n\n\n\n<p>Personnalisation et param\u00e8tres avanc\u00e9s<\/p>\n\n\n\n<p>Astuces et techniques avanc\u00e9es<\/p>\n\n\n\n<figure class=\"wp-block-table\"><table><tbody><tr><td><strong>TARIF<\/strong><\/td><td><strong>PERIODE<\/strong><\/td><td><strong>SEANCES<\/strong><\/td><\/tr><tr><td><strong><s>1700<\/s>-1500<\/strong><\/td><td><strong>24 heures<\/strong><\/td><td><strong>3h&nbsp;\/SEMAINE<\/strong><\/td><\/tr><\/tbody><\/table><\/figure>\n\n\n\n<p><strong>2 months<\/strong><\/p>\n\n\n\n<\/br><\/br><\/br><iframe loading=\"lazy\" width=\"800\" height=\"600\" src=\"https:\/\/share-eu1.hsforms.com\/1801HjZ8vRAui43yHmsQ73w2dl7b3\" title=\"submission form\"  frameborder=\"0\"; \" ><\/iframe>\n","protected":false},"excerpt":{"rendered":"<p>Bureautique&nbsp;: (D\u00e9butant) Introduction g\u00e9n\u00e9rale et navigation de base Traitement de texte (Microsoft Word 2019) Tableurs (Microsoft Excel 2019) Pr\u00e9sentations (Microsoft PowerPoint 2019) TARIFS PERIODE SEANCES 1200-1000 DH 30 HEURE 3H\/SEMAINE 2.5 months Bureautique&nbsp;: (Avanc\u00e9) Approfondissement du Traitement de texte (Microsoft Word 2019) Tableurs avanc\u00e9s (Microsoft Excel 2019) Pr\u00e9sentations avanc\u00e9es (Microsoft PowerPoint 2019) TARIFS PERIODE SEANCES [&hellip;]<\/p>\n","protected":false},"author":1,"featured_media":0,"parent":0,"menu_order":0,"comment_status":"closed","ping_status":"closed","template":"","meta":{"footnotes":""},"_links":{"self":[{"href":"https:\/\/kenitralanguagecenter.com\/index.php\/wp-json\/wp\/v2\/pages\/1116"}],"collection":[{"href":"https:\/\/kenitralanguagecenter.com\/index.php\/wp-json\/wp\/v2\/pages"}],"about":[{"href":"https:\/\/kenitralanguagecenter.com\/index.php\/wp-json\/wp\/v2\/types\/page"}],"author":[{"embeddable":true,"href":"https:\/\/kenitralanguagecenter.com\/index.php\/wp-json\/wp\/v2\/users\/1"}],"replies":[{"embeddable":true,"href":"https:\/\/kenitralanguagecenter.com\/index.php\/wp-json\/wp\/v2\/comments?post=1116"}],"version-history":[{"count":11,"href":"https:\/\/kenitralanguagecenter.com\/index.php\/wp-json\/wp\/v2\/pages\/1116\/revisions"}],"predecessor-version":[{"id":1327,"href":"https:\/\/kenitralanguagecenter.com\/index.php\/wp-json\/wp\/v2\/pages\/1116\/revisions\/1327"}],"wp:attachment":[{"href":"https:\/\/kenitralanguagecenter.com\/index.php\/wp-json\/wp\/v2\/media?parent=1116"}],"curies":[{"name":"wp","href":"https:\/\/api.w.org\/{rel}","templated":true}]}}