{"id":1070,"date":"2023-11-25T05:41:34","date_gmt":"2023-11-25T05:41:34","guid":{"rendered":"https:\/\/kenitralanguagecenter.com\/?page_id=1070"},"modified":"2024-01-21T07:17:33","modified_gmt":"2024-01-21T07:17:33","slug":"about-us-2","status":"publish","type":"page","link":"https:\/\/kenitralanguagecenter.com\/index.php\/about-us-2\/","title":{"rendered":"About Us"},"content":{"rendered":"\n<p class=\"has-text-align-center has-large-font-size\"><strong>Maxware Learning Center<\/strong><\/p>\n\n\n\n<p>Maxware Learning Center est un centre de formation et de conseil a d\u00e9marr\u00e9 en 2015. <\/p>\n\n\n\n<p>Maxware Learning Center fait partie du conglom\u00e9rat Maxware. Fond\u00e9e en 2005 et issue de <a href=\"https:\/\/maxware.ma\/\">Maxware Technology<\/a>, <a href=\"http:\/\/www.maxware-industry.com\/\">Maxware Industry<\/a> et Maxware Learning Center.<\/p>\n\n\n\n<p>Nous proposons des cours de langue pour les \u00e9tudiants du niveau d\u00e9butant au niveau universitaire. Nous offrons \u00e9galement des services de consultation et d\u2019\u00e9valuation par les pairs aux \u00e9tudiants des cycles sup\u00e9rieurs.&nbsp;<\/p>\n\n\n\n<p>Nous proposons une s\u00e9lection de cours d\u2019informatique qui sont tr\u00e8s d\u00e9sirable dans notre march\u00e9 concurrentiel. De plus, nous proposons Business English pour les professionnels et les employ\u00e9s de l\u2019industrie. Nous vous accompagnons dans des formations qui r\u00e9pondent aux besoins du march\u00e9 Marocain.<\/p>\n\n\n\n<p>En plus, nous fournissons \u00e9galement des certificats informatiques. Ces certificats sont con\u00e7us pour am\u00e9liorer et valider vos comp\u00e9tences dans divers domaines de IT. En obtenant ces certificats, les individus peuvent d\u00e9montrer leur expertise dans des domaines informatiques sp\u00e9cifiques, ce qui peut consid\u00e9rablement am\u00e9liorer leurs perspectives de carri\u00e8re et ouvrir les portes \u00e0 diverses opportunit\u00e9s d\u2019emploi.<\/p>\n\n\n\n<p><\/p>\n\n\n\n<\/br><\/br><\/br><iframe loading=\"lazy\" width=\"800\" height=\"600\" src=\"https:\/\/share-eu1.hsforms.com\/1801HjZ8vRAui43yHmsQ73w2dl7b3\" title=\"submission form\"  frameborder=\"0\"; \" ><\/iframe>\n","protected":false},"excerpt":{"rendered":"<p>Maxware Learning Center Maxware Learning Center est un centre de formation et de conseil a d\u00e9marr\u00e9 en 2015. Maxware Learning Center fait partie du conglom\u00e9rat Maxware. Fond\u00e9e en 2005 et issue de Maxware Technology, Maxware Industry et Maxware Learning Center. Nous proposons des cours de langue pour les \u00e9tudiants du niveau d\u00e9butant au niveau universitaire. [&hellip;]<\/p>\n","protected":false},"author":1,"featured_media":0,"parent":0,"menu_order":0,"comment_status":"closed","ping_status":"closed","template":"","meta":{"footnotes":""},"_links":{"self":[{"href":"https:\/\/kenitralanguagecenter.com\/index.php\/wp-json\/wp\/v2\/pages\/1070"}],"collection":[{"href":"https:\/\/kenitralanguagecenter.com\/index.php\/wp-json\/wp\/v2\/pages"}],"about":[{"href":"https:\/\/kenitralanguagecenter.com\/index.php\/wp-json\/wp\/v2\/types\/page"}],"author":[{"embeddable":true,"href":"https:\/\/kenitralanguagecenter.com\/index.php\/wp-json\/wp\/v2\/users\/1"}],"replies":[{"embeddable":true,"href":"https:\/\/kenitralanguagecenter.com\/index.php\/wp-json\/wp\/v2\/comments?post=1070"}],"version-history":[{"count":8,"href":"https:\/\/kenitralanguagecenter.com\/index.php\/wp-json\/wp\/v2\/pages\/1070\/revisions"}],"predecessor-version":[{"id":1317,"href":"https:\/\/kenitralanguagecenter.com\/index.php\/wp-json\/wp\/v2\/pages\/1070\/revisions\/1317"}],"wp:attachment":[{"href":"https:\/\/kenitralanguagecenter.com\/index.php\/wp-json\/wp\/v2\/media?parent=1070"}],"curies":[{"name":"wp","href":"https:\/\/api.w.org\/{rel}","templated":true}]}}